{"id":74,"date":"2018-02-10T16:45:44","date_gmt":"2018-02-10T15:45:44","guid":{"rendered":"http:\/\/besalty.de\/en\/?page_id=74"},"modified":"2024-06-21T14:46:56","modified_gmt":"2024-06-21T12:46:56","slug":"contact","status":"publish","type":"page","link":"https:\/\/besalty.de\/en\/contact\/","title":{"rendered":"contact &#038; imprint"},"content":{"rendered":"<p>Contact me:<\/p>\n<p><strong>hello@besalty.de or <\/strong><strong>casa-salgada@besalty.de<\/strong><\/p>\n<p><strong>Impressum<\/strong><\/p>\n<p>Claire Marie Celine Otten, Cx Postal 565, 8550-145 Marmelete, Portugal<\/p>\n<p>Alojamento Local 1820\/2020<\/p>\n<p>Kontakt:<br \/>\nTelefon: +49 176 233 74 914<br \/>\nE-Mail: hello@besalty.de<\/p>\n<p>Photos from the house and the land as well as the older yoga pics by Tobias B\u00e4tz. Thank you!<\/p>\n<p><img loading=\"lazy\" decoding=\"async\" class=\"alignleft size-full wp-image-1018\" src=\"http:\/\/besalty.de\/en\/wp-content\/uploads\/sites\/2\/2024\/06\/IMG_5066.jpg\" alt=\"\" width=\"800\" height=\"653\" srcset=\"https:\/\/besalty.de\/en\/wp-content\/uploads\/sites\/2\/2024\/06\/IMG_5066.jpg 800w, https:\/\/besalty.de\/en\/wp-content\/uploads\/sites\/2\/2024\/06\/IMG_5066-300x245.jpg 300w, https:\/\/besalty.de\/en\/wp-content\/uploads\/sites\/2\/2024\/06\/IMG_5066-768x627.jpg 768w, https:\/\/besalty.de\/en\/wp-content\/uploads\/sites\/2\/2024\/06\/IMG_5066-230x188.jpg 230w, https:\/\/besalty.de\/en\/wp-content\/uploads\/sites\/2\/2024\/06\/IMG_5066-350x286.jpg 350w, https:\/\/besalty.de\/en\/wp-content\/uploads\/sites\/2\/2024\/06\/IMG_5066-480x392.jpg 480w\" sizes=\"auto, (max-width: 800px) 100vw, 800px\" \/><\/p>\n<p><strong>Streitschlichtung<\/strong><br \/>\nDie Europ\u00e4ische Kommission stellt eine Plattform zur Online-Streitbeilegung (OS) bereit:<br \/>\nhttps:\/\/ec.europa.eu\/consumers\/odr<br \/>\nUnsere E-Mail-Adresse finden Sie oben im Impressum.<br \/>\nWir sind nicht bereit oder verpflichtet, an Streitbeilegungsverfahren vor einer<br \/>\nVerbraucherschlichtungsstelle teilzunehmen.<\/p>\n<p><strong>Haftung f\u00fcr Inhalte<\/strong><br \/>\nAls Diensteanbieter sind wir gem\u00e4\u00df \u00a7 7 Abs.1 TMG f\u00fcr eigene Inhalte auf diesen Seiten nach den<br \/>\nallgemeinen Gesetzen verantwortlich. Nach \u00a7\u00a7 8 bis 10 TMG sind wir als Diensteanbieter jedoch nicht<br \/>\nverpflichtet, \u00fcbermittelte oder gespeicherte fremde Informationen zu \u00fcberwachen oder nach Umst\u00e4nden<br \/>\nzu forschen, die auf eine rechtswidrige T\u00e4tigkeit hinweisen.<br \/>\nVerpflichtungen zur Entfernung oder Sperrung der Nutzung von Informationen nach den allgemeinen<br \/>\nGesetzen bleiben hiervon unber\u00fchrt. Eine diesbez\u00fcgliche Haftung ist jedoch erst ab dem Zeitpunkt der<br \/>\nKenntnis einer konkreten Rechtsverletzung m\u00f6glich. Bei Bekanntwerden von entsprechenden<br \/>\nRechtsverletzungen werden wir diese Inhalte umgehend entfernen.<\/p>\n<p><strong>Haftung f\u00fcr Links<\/strong><br \/>\nUnser Angebot enth\u00e4lt Links zu externen Webseiten Dritter, auf deren Inhalte wir keinen Einfluss haben.<br \/>\nDeshalb k\u00f6nnen wir f\u00fcr diese fremden Inhalte auch keine Gew\u00e4hr \u00fcbernehmen. F\u00fcr die Inhalte der<br \/>\nverlinkten Seiten ist stets der jeweilige Anbieter oder Betreiber der Seiten verantwortlich. Die verlinkten<br \/>\nSeiten wurden zum Zeitpunkt der Verlinkung auf m\u00f6gliche Rechtsverst\u00f6\u00dfe \u00fcberpr\u00fcft. Rechtswidrige<br \/>\nInhalte waren zum Zeitpunkt der Verlinkung nicht erkennbar.<br \/>\nEine permanente inhaltliche Kontrolle der verlinkten Seiten ist jedoch ohne konkrete Anhaltspunkte einer<br \/>\nRechtsverletzung nicht zumutbar. Bei Bekanntwerden von Rechtsverletzungen werden wir derartige Links<br \/>\numgehend entfernen.<\/p>\n<p><strong>Urheberrecht<\/strong><br \/>\nDie durch die Seitenbetreiber erstellten Inhalte und Werke auf diesen Seiten unterliegen dem deutschen<br \/>\nUrheberrecht. Die Vervielf\u00e4ltigung, Bearbeitung, Verbreitung und jede Art der Verwertung au\u00dferhalb der<br \/>\nGrenzen des Urheberrechtes bed\u00fcrfen der schriftlichen Zustimmung des jeweiligen Autors bzw.<br \/>\nErstellers. Downloads und Kopien dieser Seite sind nur f\u00fcr den privaten, nicht kommerziellen Gebrauch<br \/>\ngestattet.<br \/>\nSoweit die Inhalte auf dieser Seite nicht vom Betreiber erstellt wurden, werden die Urheberrechte Dritter<br \/>\nbeachtet. Insbesondere werden Inhalte Dritter als solche gekennzeichnet. Sollten Sie trotzdem auf eine<br \/>\nUrheberrechtsverletzung aufmerksam werden, bitten wir um einen entsprechenden Hinweis. Bei<br \/>\nBekanntwerden von Rechtsverletzungen werden wir derartige Inhalte umgehend entfernen.<\/p>\n<p><strong>Datenschutz<\/strong><br \/>\nDie Betreiber dieser Seiten nehmen den Schutz Ihrer pers\u00f6nlichen Daten sehr ernst. Wir behandeln Ihre<br \/>\npersonenbezogenen Daten vertraulich und entsprechend der gesetzlichen Datenschutzvorschriften sowie<br \/>\ndieser Datenschutzerkl\u00e4rung.<br \/>\nDie Nutzung unserer Webseite ist in der Regel ohne Angabe personenbezogener Daten m\u00f6glich. Soweit<br \/>\nauf unseren Seiten personenbezogene Daten (beispielsweise Name, Anschrift oder E-Mail-Adressen)<br \/>\nerhoben werden, erfolgt dies, soweit m\u00f6glich, stets auf freiwilliger Basis. Diese Daten werden ohne Ihre<br \/>\nausdr\u00fcckliche Zustimmung nicht an Dritte weitergegeben.<br \/>\nWir weisen darauf hin, dass die Daten\u00fcbertragung im Internet (z.B. bei der Kommunikation per E-Mail)<br \/>\nSicherheitsl\u00fccken aufweisen kann. Ein l\u00fcckenloser Schutz der Daten vor dem Zugriff durch Dritte ist nicht<br \/>\nm\u00f6glich.<\/p>\n<p><strong>Widerspruch Werbe-Mails<\/strong><br \/>\nDer Nutzung von im Rahmen der Impressumspflicht ver\u00f6ffentlichten Kontaktdaten zur \u00dcbersendung von<br \/>\nnicht ausdr\u00fccklich angeforderter Werbung und Informationsmaterialien wird hiermit widersprochen. Die<br \/>\nBetreiber der Seiten behalten sich ausdr\u00fccklich rechtliche Schritte im Falle der unverlangten Zusendung<br \/>\nvon Werbeinformationen, etwa durch Spam-E-Mails, vor.<\/p>\n<p>Quelle: https:\/\/www.e-recht24.de<\/p>\n<p>&nbsp;<\/p>\n<p>Muito obrigado an <a href=\"http:\/\/www.konstanten.net\/\" target=\"_blank\" rel=\"noopener\">Andr\u00e9 (konstanten.net)<\/a> f\u00fcr die Unterst\u00fctzung bei der Erstellung von besalty.de<\/p>\n","protected":false},"excerpt":{"rendered":"<p>Contact me: hello@besalty.de or casa-salgada@besalty.de Impressum Claire Marie Celine Otten, Cx Postal 565, 8550-145 Marmelete, Portugal Alojamento Local 1820\/2020 Kontakt: Telefon: +49 176 233 74 [&hellip;]<\/p>\n","protected":false},"author":2,"featured_media":0,"parent":0,"menu_order":0,"comment_status":"closed","ping_status":"closed","template":"","meta":{"ngg_post_thumbnail":0,"footnotes":""},"class_list":["post-74","page","type-page","status-publish","hentry"],"_links":{"self":[{"href":"https:\/\/besalty.de\/en\/wp-json\/wp\/v2\/pages\/74","targetHints":{"allow":["GET"]}}],"collection":[{"href":"https:\/\/besalty.de\/en\/wp-json\/wp\/v2\/pages"}],"about":[{"href":"https:\/\/besalty.de\/en\/wp-json\/wp\/v2\/types\/page"}],"author":[{"embeddable":true,"href":"https:\/\/besalty.de\/en\/wp-json\/wp\/v2\/users\/2"}],"replies":[{"embeddable":true,"href":"https:\/\/besalty.de\/en\/wp-json\/wp\/v2\/comments?post=74"}],"version-history":[{"count":10,"href":"https:\/\/besalty.de\/en\/wp-json\/wp\/v2\/pages\/74\/revisions"}],"predecessor-version":[{"id":1025,"href":"https:\/\/besalty.de\/en\/wp-json\/wp\/v2\/pages\/74\/revisions\/1025"}],"wp:attachment":[{"href":"https:\/\/besalty.de\/en\/wp-json\/wp\/v2\/media?parent=74"}],"curies":[{"name":"wp","href":"https:\/\/api.w.org\/{rel}","templated":true}]}}